{"id":43,"date":"2019-11-01T21:03:46","date_gmt":"2019-11-01T20:03:46","guid":{"rendered":"http:\/\/www.steuerberaterpruefung-anfechtung.de\/?page_id=43"},"modified":"2023-08-11T11:09:19","modified_gmt":"2023-08-11T09:09:19","slug":"home","status":"publish","type":"page","link":"https:\/\/www.steuerberaterpruefung-anfechtung.de\/","title":{"rendered":"Home"},"content":{"rendered":"\t\t<div data-elementor-type=\"wp-page\" data-elementor-id=\"43\" class=\"elementor elementor-43\">\n\t\t\t\t\t\t\t\t\t<section class=\"elementor-section elementor-top-section elementor-element elementor-element-1fdaa24 elementor-section-boxed elementor-section-height-default elementor-section-height-default\" data-id=\"1fdaa24\" data-element_type=\"section\">\n\t\t\t\t\t\t<div class=\"elementor-container elementor-column-gap-default\">\n\t\t\t\t\t<div class=\"elementor-column elementor-col-100 elementor-top-column elementor-element elementor-element-d231555\" data-id=\"d231555\" data-element_type=\"column\">\n\t\t\t<div class=\"elementor-widget-wrap elementor-element-populated\">\n\t\t\t\t\t\t\t\t<div class=\"elementor-element elementor-element-534c123 elementor-widget elementor-widget-text-editor\" data-id=\"534c123\" data-element_type=\"widget\" data-widget_type=\"text-editor.default\">\n\t\t\t\t<div class=\"elementor-widget-container\">\n\t\t\t\t\t\t\t<p style=\"text-align: center;\"><strong>\u201ePr\u00fcfungen greifen intensiv in die Freiheit der Berufswahl ein, weil <br \/>von ihrem Ergebnis abh\u00e4ngt, ob ein bestimmter Beruf \u00fcberhaupt ergriffen und welche T\u00e4tigkeit gew\u00e4hlt werden kann\u2026 Daraus folgt, <br \/>dass zutreffende Antworten und brauchbare L\u00f6sungen im Prinzip <br \/>nicht als falsch bewertet werden und zum Nichtbestehen f\u00fchren d\u00fcrfen \u2026\u201c<\/strong><\/p><p style=\"text-align: center;\">\u00a0\u00a0\u00a0\u00a0\u00a0\u00a0\u00a0\u00a0\u00a0\u00a0\u00a0\u00a0\u00a0\u00a0\u00a0\u00a0\u00a0\u00a0\u00a0\u00a0\u00a0\u00a0\u00a0 <em>BVerfG, Beschl\u00fcsse <\/em><em>vom 17. April 1991 \u2013 1 BvR 419\/81, 1 BvR 213\/83.<\/em><\/p><p>Willkommen auf der Webseite von Rechtsanwalt Dr. Hans-Josef L\u00fctke. A<span style=\"font-size: 14px;\">uf dieser Webseite finden Sie Informationen zu einem Schwerpunkt meiner anwaltlichen T\u00e4tigkeit, der Anfechtung von Pr\u00fcfungsentscheidungen in der Steuerberaterpr\u00fcfung. Zu der Hauptseite gelangen Sie <\/span><u style=\"font-size: 14px;\"><a href=\"http:\/\/ra-dr-luetke.de\">hier<\/a>.<\/u><\/p><p>\u00dcber die Anfechtung von Pr\u00fcfungsentscheidungen in der Steuerberaterpr\u00fcfung habe ich promoviert. Meine Dissertation tr\u00e4gt den Titel \u201eDie gerichtliche Kontrolle von Pr\u00fcfungsentscheidungen in der Steuerberaterpr\u00fcfung\u201c.<\/p><p>Ein Kandidat, der die Steuerberaterpr\u00fcfung nicht bestanden hat, m\u00f6chte darauf m\u00f6glichst nicht angesprochen werden und sich zun\u00e4chst, so weit es geht, auch nicht mehr mit diesem Thema besch\u00e4ftigen. So verst\u00e4ndlich und menschlich das alles ist, im Ergebnis ist es kontraproduktiv. Nicht nur, dass die Pr\u00fcfungsentscheidung innerhalb einer Frist von einem Monat angefochten werden muss, mindestens genau so wichtig ist, dass kurzfristig vorgenommene juristische Weichenstellungen und tats\u00e4chliche Erkl\u00e4rungen die Erfolgsaussichten der Pr\u00fcfungsanfechtung deutlich erh\u00f6hen k\u00f6nnen. Das gilt ganz besonders in Bezug auf den m\u00fcndlichen Pr\u00fcfungsteil.<\/p><p>Bei der Anfechtung von Pr\u00fcfungsentscheidung haben sich der BFH und die Finanzgerichte an die Rechtsprechung des BVerwGs angelehnt, davon abweichend aber auch eigene Akzente gesetzt und andere Schwerpunkte gebildet, was an \u00fcber 700 ver\u00f6ffentlichten Entscheidungen deutlich wird, die sich mit diesen Fragenkomplexen befassen. So \u00fcberraschend es f\u00fcr die meisten Kandidaten auch sein mag: bei der Anfechtung von Pr\u00fcfungsentscheidung in der Steuerberaterpr\u00fcfung spielen Fragen des materiellen Steuerrechtes nur am Rande eine Rolle, entscheidungserheblich sind fast ausschlie\u00dflich Fragen des formellen und materiellen Pr\u00fcfungsrechtes.<\/p><p>Gegen Pr\u00fcfungsentscheidungen in der Steuerberaterpr\u00fcfung gibt es (mit einer Ausnahme in der Pr\u00fcfung in Sonderf\u00e4llen) keinen au\u00dfergerichtlichen Rechtsbehelf. Auch das mit dem 7. StBer\u00c4ndG eingef\u00fchrte \u00dcberdenkungsverfahren ist bewusst nicht als Einspruchsverfahren ausgestaltet worden. Der einzige Rechtsbehelf gegen Pr\u00fcfungsentscheidungen in der Steuerberaterpr\u00fcfung ist die Klage zum Finanzgericht. Wer zun\u00e4chst nur das \u00dcberdenkungsverfahren betreibt und dadurch die Klagefrist vers\u00e4umt, hat in der Regel auch keine M\u00f6glichkeit, die Fristvers\u00e4umnis durch einen Wiedereinsetzungsantrag zu heilen.<\/p><p>Und die Erfolgsaussichten einer Klage? Nat\u00fcrlich es kommt sehr auf den Einzelfall an, aber die\u00a0<span style=\"font-family: Roboto, sans-serif; font-size: 14px; font-style: normal; font-variant-ligatures: normal; font-variant-caps: normal; font-weight: 400;\">Erfolgsaussichten<\/span><span style=\"font-size: 14px;\">\u00a0sind h\u00f6her als die ver\u00f6ffentlichten Entscheidungen erwarten lassen. Das hat einem ganz einfachen Grund: Wenn sich abzeichnet, dass eine Klage Erfolg haben k\u00f6nnte, lassen es die Steuerberaterkammern sehr h\u00e4ufig nicht auf ein Urteil ankommen, sondern nehmen den angefochtenen Bescheid zur\u00fcck oder einigen sich anderweitig mit den Kandidaten. Deshalb findet man (aus Sicht der Kandidaten) mehr negative als positive Entscheidungen.\u00a0\u00a0<\/span><\/p><p>Jedem Kandidaten, der seine Pr\u00fcfungsentscheidung anfechten will, kann insoweit nur dringend empfohlen werden, sich dazu fachkundig beraten zu lassen.<\/p><p>.<\/p>\t\t\t\t\t\t<\/div>\n\t\t\t\t<\/div>\n\t\t\t\t\t<\/div>\n\t\t<\/div>\n\t\t\t\t\t\t\t<\/div>\n\t\t<\/section>\n\t\t\t\t\t\t\t<\/div>\n\t\t","protected":false},"excerpt":{"rendered":"<p>\u201ePr\u00fcfungen greifen intensiv in die Freiheit der Berufswahl ein, weil von ihrem Ergebnis abh\u00e4ngt, ob ein bestimmter Beruf \u00fcberhaupt ergriffen und welche T\u00e4tigkeit gew\u00e4hlt werden kann\u2026 Daraus folgt, dass zutreffende Antworten und brauchbare L\u00f6sungen im Prinzip nicht als falsch bewertet werden und zum Nichtbestehen f\u00fchren d\u00fcrfen \u2026\u201c \u00a0\u00a0\u00a0\u00a0\u00a0\u00a0\u00a0\u00a0\u00a0\u00a0\u00a0\u00a0\u00a0\u00a0\u00a0\u00a0\u00a0\u00a0\u00a0\u00a0\u00a0\u00a0\u00a0 BVerfG, Beschl\u00fcsse vom 17. April 1991 \u2013 [&hellip;]<\/p>\n","protected":false},"author":1,"featured_media":0,"parent":0,"menu_order":0,"comment_status":"closed","ping_status":"closed","template":"","meta":{"footnotes":""},"_links":{"self":[{"href":"https:\/\/www.steuerberaterpruefung-anfechtung.de\/index.php?rest_route=\/wp\/v2\/pages\/43"}],"collection":[{"href":"https:\/\/www.steuerberaterpruefung-anfechtung.de\/index.php?rest_route=\/wp\/v2\/pages"}],"about":[{"href":"https:\/\/www.steuerberaterpruefung-anfechtung.de\/index.php?rest_route=\/wp\/v2\/types\/page"}],"author":[{"embeddable":true,"href":"https:\/\/www.steuerberaterpruefung-anfechtung.de\/index.php?rest_route=\/wp\/v2\/users\/1"}],"replies":[{"embeddable":true,"href":"https:\/\/www.steuerberaterpruefung-anfechtung.de\/index.php?rest_route=%2Fwp%2Fv2%2Fcomments&post=43"}],"version-history":[{"count":19,"href":"https:\/\/www.steuerberaterpruefung-anfechtung.de\/index.php?rest_route=\/wp\/v2\/pages\/43\/revisions"}],"predecessor-version":[{"id":215,"href":"https:\/\/www.steuerberaterpruefung-anfechtung.de\/index.php?rest_route=\/wp\/v2\/pages\/43\/revisions\/215"}],"wp:attachment":[{"href":"https:\/\/www.steuerberaterpruefung-anfechtung.de\/index.php?rest_route=%2Fwp%2Fv2%2Fmedia&parent=43"}],"curies":[{"name":"wp","href":"https:\/\/api.w.org\/{rel}","templated":true}]}}