{"id":48,"date":"2019-11-01T21:12:31","date_gmt":"2019-11-01T20:12:31","guid":{"rendered":"http:\/\/www.steuerberaterpruefung-anfechtung.de\/?page_id=48"},"modified":"2022-01-13T11:38:44","modified_gmt":"2022-01-13T10:38:44","slug":"datenschutz","status":"publish","type":"page","link":"https:\/\/www.steuerberaterpruefung-anfechtung.de\/?page_id=48","title":{"rendered":"Datenschutz"},"content":{"rendered":"\t\t<div data-elementor-type=\"wp-page\" data-elementor-id=\"48\" class=\"elementor elementor-48\">\n\t\t\t\t\t\t\t\t\t<section class=\"elementor-section elementor-top-section elementor-element elementor-element-9196a80 elementor-section-boxed elementor-section-height-default elementor-section-height-default\" data-id=\"9196a80\" data-element_type=\"section\">\n\t\t\t\t\t\t<div class=\"elementor-container elementor-column-gap-default\">\n\t\t\t\t\t<div class=\"elementor-column elementor-col-100 elementor-top-column elementor-element elementor-element-cf322a5\" data-id=\"cf322a5\" data-element_type=\"column\">\n\t\t\t<div class=\"elementor-widget-wrap elementor-element-populated\">\n\t\t\t\t\t\t\t\t<div class=\"elementor-element elementor-element-3d7c30b elementor-widget elementor-widget-text-editor\" data-id=\"3d7c30b\" data-element_type=\"widget\" data-widget_type=\"text-editor.default\">\n\t\t\t\t<div class=\"elementor-widget-container\">\n\t\t\t\t\t\t\t<h2 style=\"text-align: center;\"><strong>Datenerhebung und Verwendung Ihrer Daten<\/strong><\/h2><p>\u00a0<\/p><ol><li>Sie k\u00f6nnen grunds\u00e4tzlich diese Website besuchen, ohne Angaben zu Ihrer Person zu machen.<\/li><li>Aus technischen Gr\u00fcnden werden aber verschiedene Daten, die Ihr Internet-Browser an uns bzw. unsere Webserver \u00fcbermittelt, erfasst. Dies umfasst unter anderem Browsertyp und -version, das Datum und die Uhrzeit Ihres Zugriffs, die abgerufene Seite oder Datei und die IP-Adresse. Diese Daten werden ausschlie\u00dflich zu statistischen Zwecken auf dem Server gespeichert und k\u00f6nnen nicht bestimmten Personen zugeordnet werden.<\/li><li>Wenn Sie eine Kommunikation per E-Mail w\u00fcnschen, m\u00fcssen Sie zuerst die Datenschutzerkl\u00e4rung akzeptieren. Wenn Sie in die Datenverwendung einwilligen, verarbeiten und speichern wir die Daten, die Sie angeben, insbesondere Ihren Namen, Ihre E-Mail-Adresse, Ihre Postanschrift und Telefonnummer. Wir verarbeiten und nutzen Ihre so erhobenen personenbezogenen Daten nur zur Bearbeitung Ihrer Anfragen und gegebenenfalls zur anschlie\u00dfenden Vertragsabwicklung. Rechtsgrundlage f\u00fcr die Verarbeitung der Daten ist Art. 6 Abs. 1 lit a) DSGVO.<\/li><li>Soweit Sie uns von sich aus im Rahmen einer Anfrage bspw. per E-Mail personenbezogene Daten zur Verf\u00fcgung stellen, verwenden wir diese nur zur Abwicklung und Bearbeitung Ihrer Anfrage. Rechtsgrundlage f\u00fcr die Verarbeitung der Daten ist Art. 6 Abs. 1 lit b) DSGVO.<\/li><li>Wenn Sie Daten per E-Mail an die E-Mail Adresse <a href=\"mailto:ra@steuerberaterpruefung.de\">ra@steuerberaterpruefung.de<\/a> senden, werden diese an die E-Mail Adresse <a href=\"mailto:info@ra-dr-luetke.de\">info@ra-dr-luetke.de<\/a><\/li><li>Wir speichern Ihre Daten f\u00fcr die Dauer der Abwicklung der Anfrage und ggfs. der anschlie\u00dfenden Vertragsabwicklung, sowie f\u00fcr die Dauer der berufs-, steuer- und handelsrechtlichen Aufbewahrungsfristen. Wir l\u00f6schen die Daten nach Fristablauf, sofern Sie der weitergehenden Verarbeitung und Nutzung nicht zugestimmt haben.<\/li><li>Zur Begr\u00fcndung und Durchf\u00fchrung des Mandates nutzen wir keine vollautomatische Entscheidungsfindung nach \u00a7 22 Art. DSGVO.<\/li><li>Ein Profiling findet nicht statt.<\/li><li>Wir geben Ihre Daten ohne Ihre Einwilligung grunds\u00e4tzlich nicht an Dritte weiter. Etwas anderes gilt nur, wenn wir Kraft Gesetz oder richterlicher Anordnung dazu verpflicht sind oder werden.<\/li><li>K\u00f6nnen Telefonanrufe nicht entgegengenommen werden, speichert die Anlage die Telefonnummer, ohne sie einer Person zuzuordnen.<\/li><li>Auf dieser Webseite ist google analytics nicht aktiviert (Disable google analytics).<\/li><li>Eine wirtschaftliche Verwertung Ihrer Daten durch Rechtsanwalt Dr. Hans-Josef L\u00fctke erfolgt nicht.<\/li><\/ol><p><strong>Verantwortlicher<br \/><\/strong>Verantwortlicher f\u00fcr die Datenverarbeitung im Sinne der Datenschutzgrundverordnung (DSGVO) f\u00fcr diese Webseite ist:<\/p><p>Dr. Hans Josef L\u00fctke<br \/>Hohe Str. 13<br \/>09112 Chemnitz<br \/>Telefon: 0371 355 97 97 5<br \/>E-Mail: info@ra-dr-luetke.de<\/p><p><strong>Widerruf der Einwilligung<\/strong><\/p><p>Sie haben das Recht, Ihre Einwilligung in die Nutzung Ihrer Daten jederzeit zu widerrufen. Sie m\u00fcssen dazu lediglich eine E-Mail an info@ra-dr-luetke.de senden, in der Sie uns wissen lassen, dass Sie Ihre Einwilligung widerrufen m\u00f6chten. Wenn Sie die Einwilligung widerrufen, werden von uns bis zu diesem Zeitpunkt aufgrund der Einwilligung erfolgte Datenverarbeitungen nicht nachtr\u00e4glich unrechtm\u00e4\u00dfig.<\/p><p><strong>Ihre weiteren Rechte<br \/><\/strong>Nach den Regelungen der Datenschutzgrundverordnung stehen Ihnen verschiedene weitere Rechte in Bezug auf Ihre bei uns gespeicherten Daten zu:<\/p><ol><li>Aus Art. 15 Abs. 1 DSGVO haben Sie einen Anspruch auf kostenlose Auskunftserteilung \u00fcber Ihre gespeicherten Daten sowie gem\u00e4\u00df Art. 15 Abs. 3 DSGVO das Recht eine Kopie dieser Datenaufstellung zu erhalten.<\/li><li>Gem\u00e4\u00df Art. 16 DSGVO steht Ihnen auch ein Anspruch auf Berichtigung der von uns verarbeiteten Daten vor. Demnach sind Sie dazu berechtigt, Ihre Daten zu berichtigen oder zu vervollst\u00e4ndigen, wenn Sie falsch oder unvollst\u00e4ndig sind.<\/li><li>Gem\u00e4\u00df Art. 17 DSGVO haben Sie das Recht, von uns die L\u00f6schung Ihrer von uns verarbeiteten personenbezogenen Daten zu verlangen.<\/li><li>Nach Art. 18 DSGVO k\u00f6nnen Sie von uns unter bestimmten Umst\u00e4nden die Einschr\u00e4nkung der Verarbeitung Ihrer personenbezogenen Daten verlangen.<\/li><li>Nach Artikel 21 haben Sie unter bestimmten Umst\u00e4nden ein Widerspruchsrecht gegen die Verarbeitung Sie betreffender personenbezogener Daten.<\/li><li>M\u00f6chten Sie Ihre Rechte geltend machen, wenden Sie sich bitte an <a href=\"mailto:info@ra-dr-luetke.de\">info@ra-dr-luetke.de<\/a><\/li><\/ol><p><strong>Beschwerderecht bei der Aufsichtsbeh\u00f6rde<br \/><\/strong>Gem\u00e4\u00df Art. 77 DSGVO haben Sie dann, wenn Sie von unserer Datenverarbeitung selbst betroffen sind, das Recht, Beschwerde bei einer Aufsichtsbeh\u00f6rde zu erheben, sofern Sie der Ansicht sind, dass unsere Verarbeitung von personenbezogenen Daten gegen die Datenschutzgrundverordnung (DSGVO) verst\u00f6\u00dft.<\/p><p><strong>\u00a0<\/strong><strong>Google Analytics<br \/><\/strong>Diese Website benutzt Google Analytics, einen Webanalysedienst der Google Inc. (\u201eGoogle\u201c). Google Analytics verwendet sog. \u201eCookies\u201c, das sind Textdateien, die auf Ihrem Computer gespeichert werden und die eine Analyse der Benutzung der Website erm\u00f6glichen. Die durch das Cookie erzeugten Informationen \u00fcber Ihre Benutzung dieser Website werden in der Regel an einen Server von Google in den USA \u00fcbertragen und dort gespeichert. Im Falle der Aktivierung der IP-Anonymisierung auf dieser Website, wird Ihre IP-Adresse von Google jedoch innerhalb von Mitgliedstaaten der Europ\u00e4ischen Union oder in anderen Vertragsstaaten des Abkommens \u00fcber den Europ\u00e4ischen Wirtschaftsraum zuvor gek\u00fcrzt. Nur in Ausnahmef\u00e4llen wird die volle IP-Adresse an einen Server von Google in den USA \u00fcbertragen und dort gek\u00fcrzt. Google wird diese Informationen benutzen, um Ihre Nutzung der Website auszuwerten, um Reports \u00fcber die Websiteaktivit\u00e4ten zusammenzustellen und um weitere mit der Websitenutzung und der Internetnutzung verbundene Dienstleistungen gegen\u00fcber dem Websitebetreiber zu erbringen. Die im Rahmen von Google Analytics von Ihrem Browser \u00fcbermittelte IP-Adresse wird nicht mit anderen Daten von Google zusammengef\u00fchrt. Sie k\u00f6nnen die Speicherung der Cookies durch eine entsprechende Einstellung Ihrer Browser-Software verhindern; dies k\u00f6nnte aber zur Folge haben, dass Sie in dann nicht s\u00e4mtliche Funktionen dieser Website nutzen k\u00f6nnen. Sie k\u00f6nnen dar\u00fcber hinaus die Erfassung der durch das Cookie erzeugten und auf Ihre Nutzung der Website bezogenen Daten (inkl. Ihrer IP-Adresse) an Google sowie die Verarbeitung dieser Daten durch Google verhindern, indem Sie das unter dem folgenden Link (<a href=\"http:\/\/tools.google.com\/dlpage\/gaoptout?hl=de\">http:\/\/tools.google.com\/dlpage\/gaoptout?hl=de<\/a>) verf\u00fcgbare Browser-Plugin herunterladen und installieren. Sie k\u00f6nnen die Erfassung der Daten durch Google Analytics nicht nur durch das Browser-Plugin, sondern auch anders verhindern. Sollten Sie unsere Webseite mit einem mobilen Ger\u00e4t nutzen, sollte beim Laden unserer Webseite automatisch ein link erscheinen. Durch \u201eanklicken\u201c dieses links k\u00f6nnen Sie ein sogenanntes Opt-Out-Cookie installieren, welches das Tracking der Daten auf dieser Internetseite verhindert. Die Funktion bleibt solange bestehen, bis der Cookie gel\u00f6scht wird. Wurde der Cookie gel\u00f6scht reicht es, den Link erneut aufzurufen. Erscheint bei der Nutzung mit einem mobilen Ger\u00e4t der link nicht, nutzen Sie bitte die andere M\u00f6glichkeit. Weitere Informationen zu Nutzungsbedingungen und Datenschutz erhalten Sie auf folgenden Seiten: <a href=\"http:\/\/www.google.com\/analytics\/terms\/de.html\">http:\/\/www.google.com\/analytics\/terms\/de.html\u00a0<\/a>und\u00a0<a href=\"https:\/\/www.google.de\/intl\/de\/policies\/\">https:\/\/www.google.de\/intl\/de\/policies\/<\/a><\/p>\t\t\t\t\t\t<\/div>\n\t\t\t\t<\/div>\n\t\t\t\t\t<\/div>\n\t\t<\/div>\n\t\t\t\t\t\t\t<\/div>\n\t\t<\/section>\n\t\t\t\t\t\t\t<\/div>\n\t\t","protected":false},"excerpt":{"rendered":"<p>Datenerhebung und Verwendung Ihrer Daten \u00a0 Sie k\u00f6nnen grunds\u00e4tzlich diese Website besuchen, ohne Angaben zu Ihrer Person zu machen. Aus technischen Gr\u00fcnden werden aber verschiedene Daten, die Ihr Internet-Browser an uns bzw. unsere Webserver \u00fcbermittelt, erfasst. Dies umfasst unter anderem Browsertyp und -version, das Datum und die Uhrzeit Ihres Zugriffs, die abgerufene Seite oder Datei [&hellip;]<\/p>\n","protected":false},"author":1,"featured_media":0,"parent":0,"menu_order":0,"comment_status":"closed","ping_status":"closed","template":"","meta":{"footnotes":""},"_links":{"self":[{"href":"https:\/\/www.steuerberaterpruefung-anfechtung.de\/index.php?rest_route=\/wp\/v2\/pages\/48"}],"collection":[{"href":"https:\/\/www.steuerberaterpruefung-anfechtung.de\/index.php?rest_route=\/wp\/v2\/pages"}],"about":[{"href":"https:\/\/www.steuerberaterpruefung-anfechtung.de\/index.php?rest_route=\/wp\/v2\/types\/page"}],"author":[{"embeddable":true,"href":"https:\/\/www.steuerberaterpruefung-anfechtung.de\/index.php?rest_route=\/wp\/v2\/users\/1"}],"replies":[{"embeddable":true,"href":"https:\/\/www.steuerberaterpruefung-anfechtung.de\/index.php?rest_route=%2Fwp%2Fv2%2Fcomments&post=48"}],"version-history":[{"count":6,"href":"https:\/\/www.steuerberaterpruefung-anfechtung.de\/index.php?rest_route=\/wp\/v2\/pages\/48\/revisions"}],"predecessor-version":[{"id":191,"href":"https:\/\/www.steuerberaterpruefung-anfechtung.de\/index.php?rest_route=\/wp\/v2\/pages\/48\/revisions\/191"}],"wp:attachment":[{"href":"https:\/\/www.steuerberaterpruefung-anfechtung.de\/index.php?rest_route=%2Fwp%2Fv2%2Fmedia&parent=48"}],"curies":[{"name":"wp","href":"https:\/\/api.w.org\/{rel}","templated":true}]}}