{"id":61,"date":"2019-11-01T21:40:13","date_gmt":"2019-11-01T20:40:13","guid":{"rendered":"http:\/\/www.steuerberaterpruefung-anfechtung.de\/?page_id=61"},"modified":"2024-07-31T16:33:02","modified_gmt":"2024-07-31T14:33:02","slug":"impressum","status":"publish","type":"page","link":"https:\/\/www.steuerberaterpruefung-anfechtung.de\/?page_id=61","title":{"rendered":"Impressum"},"content":{"rendered":"\t\t<div data-elementor-type=\"wp-page\" data-elementor-id=\"61\" class=\"elementor elementor-61\">\n\t\t\t\t\t\t\t\t\t<section class=\"elementor-section elementor-top-section elementor-element elementor-element-a760ad3 elementor-section-boxed elementor-section-height-default elementor-section-height-default\" data-id=\"a760ad3\" data-element_type=\"section\">\n\t\t\t\t\t\t<div class=\"elementor-container elementor-column-gap-default\">\n\t\t\t\t\t<div class=\"elementor-column elementor-col-100 elementor-top-column elementor-element elementor-element-eb3fb08\" data-id=\"eb3fb08\" data-element_type=\"column\">\n\t\t\t<div class=\"elementor-widget-wrap elementor-element-populated\">\n\t\t\t\t\t\t\t\t<div class=\"elementor-element elementor-element-a0b8d28 elementor-widget elementor-widget-text-editor\" data-id=\"a0b8d28\" data-element_type=\"widget\" data-widget_type=\"text-editor.default\">\n\t\t\t\t<div class=\"elementor-widget-container\">\n\t\t\t\t\t\t\t<p>Impressum<\/p>\n<p><strong>Rechtsanwalt Dr. Hans-Josef L\u00fctke<\/strong><\/p>\n<p>Hohe Stra\u00dfe 13<br>09112 Chemnitz<\/p>\n<p>Tel.:&nbsp;&nbsp;&nbsp;&nbsp;&nbsp;&nbsp;&nbsp;&nbsp;&nbsp;&nbsp;&nbsp;&nbsp;&nbsp;&nbsp;&nbsp;&nbsp;&nbsp;&nbsp;&nbsp;&nbsp;&nbsp;&nbsp; 0371 \/ 355 97 975<br>Fax:&nbsp;&nbsp;&nbsp;&nbsp;&nbsp;&nbsp;&nbsp;&nbsp;&nbsp;&nbsp;&nbsp;&nbsp;&nbsp;&nbsp;&nbsp;&nbsp;&nbsp;&nbsp;&nbsp;&nbsp;&nbsp;&nbsp; 0371 \/ 355 71 610<br>E-Mail:&nbsp;&nbsp;&nbsp;&nbsp;&nbsp;&nbsp;&nbsp;&nbsp;&nbsp;&nbsp;&nbsp;&nbsp;&nbsp;&nbsp;&nbsp;&nbsp;&nbsp;&nbsp; info@ra-dr-luetke.de<br>homepage:&nbsp;&nbsp;&nbsp;&nbsp;&nbsp;&nbsp; &nbsp;&nbsp; www.ra-dr-luetke.de<\/p>\n<p>Der Inhalt dieser Webseite ist urheberrechtlich gesch\u00fctzt. Jede, auch auszugsweise, Nutzung von Inhalten dieser Seite ist nur mit meiner Zustimmung erlaubt.<br> <\/p><p>F\u00fcr alle Werke gilt der Nutzungsvorbehalt des \u00a7 44b Abs. 3 UrhG.<br><br>Dies gilt insbesondere f\u00fcr die Verwendung des Bildes meiner Person. Urheber dieses Bildes ist die Berufsfotografin Maria Conradi, Berlin.<\/p>\n<p><strong>Berufsbezeichnung und zust\u00e4ndige Kammern<br><\/strong>Die Berufsbezeichnung ist nach dem Recht der Bundesrepublik Deutschland erworben. Rechtsanwalt Dr. Hans-Josef L\u00fctke ist nach dem Recht der Bundesrepublik Deutschland zugelassen und Mitglied der Rechtsanwaltskammer Sachsen, Glacisstra\u00dfe 6, 01099 Dresden, www.rak-sachsen.de, die auch die Berechtigung zur F\u00fchrung des Titels \u201eFachanwalt f\u00fcr Urheber- und Medienrecht\u201c verliehen hat.<\/p>\n<p>Den akademischen Grad Doctor iuris (Dr. iur.) hat die Fakult\u00e4t f\u00fcr Wirtschaftswissenschaften an der Technischen Universit\u00e4t Chemnitz verliehen.<\/p>\n<p><strong>Steuernummer<br><\/strong>Meine USt-IdNr. lautet: DE815252833<\/p>\n<p><strong>Berufshaftpflichtversicherung<\/strong><br>R+V Allgemeine Versicherung AG<br>Taunusstra\u00dfe 1<br>65193 Wiesbaden<\/p>\n<p>R\u00e4umlicher Geltungsbereich: im ganzen EU-Gebiet und den Staaten des Abkommens \u00fcber den Europ\u00e4ischen Wirtschaftsraum<\/p>\n<p><strong>Berufsrechtliche Regelungen<br><\/strong>Es gelten folgende berufsrechtliche Regelungen:<\/p>\n<p>&nbsp;&nbsp;&nbsp;&nbsp;&nbsp;&nbsp;&nbsp;&nbsp;&nbsp;&nbsp;&nbsp;&nbsp;&nbsp;&nbsp;&nbsp; Bundesrechtsanwaltsordnung (BRAO)<br>&nbsp;&nbsp;&nbsp;&nbsp;&nbsp;&nbsp;&nbsp;&nbsp;&nbsp;&nbsp;&nbsp;&nbsp;&nbsp;&nbsp;&nbsp; Berufsordnung (BORA)<br>&nbsp;&nbsp;&nbsp;&nbsp;&nbsp;&nbsp;&nbsp;&nbsp;&nbsp;&nbsp;&nbsp;&nbsp;&nbsp;&nbsp;&nbsp; Fachanwaltsordnung (FAO)<br>&nbsp;&nbsp;&nbsp;&nbsp;&nbsp;&nbsp;&nbsp;&nbsp;&nbsp;&nbsp;&nbsp;&nbsp;&nbsp;&nbsp;&nbsp; Rechtsanwaltsverg\u00fctungsgesetz (RVG)<br>&nbsp;&nbsp;&nbsp;&nbsp;&nbsp;&nbsp;&nbsp;&nbsp;&nbsp;&nbsp;&nbsp;&nbsp;&nbsp;&nbsp;&nbsp; Berufsregeln der Rechtsanw\u00e4lte der Europ\u00e4ischen Union (CCBE)<\/p>\n<p>Die berufsrechtlichen Regelungen k\u00f6nnen \u00fcber die Homepage der Bundesrechtsanwaltskammer (www.brak.de) in der Rubrik \u201eBerufsrecht&#8220; auf Deutsch und Englisch eingesehen und abgerufen werden.<\/p>\n<p><strong>Au\u00dfergerichtliche Streitschlichtung<\/strong><\/p>\n<p>Bei Streitigkeiten zwischen Rechtsanw\u00e4lten und ihren Auftraggebern besteht auf Antrag die M\u00f6glichkeit der au\u00dfergerichtlichen Streitbeilegung bei der regionalen Rechtsanwaltskammer Sachsen (gem. \u00a7 73 Abs. 2 Nr. 3 i. V. m. \u00a7 73 Abs. 5 BRAO) oder bei der Schlichtungsstelle der Rechtsanwaltschaft (\u00a7 191f. BRAO) bei der Bundesrechtsanwaltskammer (www.brak.de, E-Mail: schlichtungsstelle@s-d-r.org).<\/p>\n<p style=\"text-align: left;\">Ich weise aber darauf hin, dass Rechtsanwalt Dr. L\u00fctke weder verpflichtet noch bereit ist, an einem derartigen Verfahren mitzuwirken.<\/p>\t\t\t\t\t\t<\/div>\n\t\t\t\t<\/div>\n\t\t\t\t\t<\/div>\n\t\t<\/div>\n\t\t\t\t\t\t\t<\/div>\n\t\t<\/section>\n\t\t\t\t\t\t\t<\/div>\n\t\t","protected":false},"excerpt":{"rendered":"<p>Impressum Rechtsanwalt Dr. Hans-Josef L\u00fctke Hohe Stra\u00dfe 1309112 Chemnitz Tel.:&nbsp;&nbsp;&nbsp;&nbsp;&nbsp;&nbsp;&nbsp;&nbsp;&nbsp;&nbsp;&nbsp;&nbsp;&nbsp;&nbsp;&nbsp;&nbsp;&nbsp;&nbsp;&nbsp;&nbsp;&nbsp;&nbsp; 0371 \/ 355 97 975Fax:&nbsp;&nbsp;&nbsp;&nbsp;&nbsp;&nbsp;&nbsp;&nbsp;&nbsp;&nbsp;&nbsp;&nbsp;&nbsp;&nbsp;&nbsp;&nbsp;&nbsp;&nbsp;&nbsp;&nbsp;&nbsp;&nbsp; 0371 \/ 355 71 610E-Mail:&nbsp;&nbsp;&nbsp;&nbsp;&nbsp;&nbsp;&nbsp;&nbsp;&nbsp;&nbsp;&nbsp;&nbsp;&nbsp;&nbsp;&nbsp;&nbsp;&nbsp;&nbsp; info@ra-dr-luetke.dehomepage:&nbsp;&nbsp;&nbsp;&nbsp;&nbsp;&nbsp; &nbsp;&nbsp; www.ra-dr-luetke.de Der Inhalt dieser Webseite ist urheberrechtlich gesch\u00fctzt. Jede, auch auszugsweise, Nutzung von Inhalten dieser Seite ist nur mit meiner Zustimmung erlaubt. F\u00fcr alle Werke gilt der Nutzungsvorbehalt des \u00a7 44b Abs. 3 [&hellip;]<\/p>\n","protected":false},"author":1,"featured_media":0,"parent":0,"menu_order":0,"comment_status":"closed","ping_status":"closed","template":"","meta":{"footnotes":""},"_links":{"self":[{"href":"https:\/\/www.steuerberaterpruefung-anfechtung.de\/index.php?rest_route=\/wp\/v2\/pages\/61"}],"collection":[{"href":"https:\/\/www.steuerberaterpruefung-anfechtung.de\/index.php?rest_route=\/wp\/v2\/pages"}],"about":[{"href":"https:\/\/www.steuerberaterpruefung-anfechtung.de\/index.php?rest_route=\/wp\/v2\/types\/page"}],"author":[{"embeddable":true,"href":"https:\/\/www.steuerberaterpruefung-anfechtung.de\/index.php?rest_route=\/wp\/v2\/users\/1"}],"replies":[{"embeddable":true,"href":"https:\/\/www.steuerberaterpruefung-anfechtung.de\/index.php?rest_route=%2Fwp%2Fv2%2Fcomments&post=61"}],"version-history":[{"count":9,"href":"https:\/\/www.steuerberaterpruefung-anfechtung.de\/index.php?rest_route=\/wp\/v2\/pages\/61\/revisions"}],"predecessor-version":[{"id":271,"href":"https:\/\/www.steuerberaterpruefung-anfechtung.de\/index.php?rest_route=\/wp\/v2\/pages\/61\/revisions\/271"}],"wp:attachment":[{"href":"https:\/\/www.steuerberaterpruefung-anfechtung.de\/index.php?rest_route=%2Fwp%2Fv2%2Fmedia&parent=61"}],"curies":[{"name":"wp","href":"https:\/\/api.w.org\/{rel}","templated":true}]}}