{"id":68,"date":"2019-11-01T21:47:43","date_gmt":"2019-11-01T20:47:43","guid":{"rendered":"http:\/\/www.steuerberaterpruefung-anfechtung.de\/?page_id=68"},"modified":"2026-04-02T17:33:50","modified_gmt":"2026-04-02T15:33:50","slug":"veroeffentlichungen","status":"publish","type":"page","link":"https:\/\/www.steuerberaterpruefung-anfechtung.de\/?page_id=68","title":{"rendered":"Ver\u00f6ffentlichungen"},"content":{"rendered":"\t\t<div data-elementor-type=\"wp-page\" data-elementor-id=\"68\" class=\"elementor elementor-68\">\n\t\t\t\t\t\t\t\t\t<section class=\"elementor-section elementor-top-section elementor-element elementor-element-feb5ce6 elementor-section-boxed elementor-section-height-default elementor-section-height-default\" data-id=\"feb5ce6\" data-element_type=\"section\">\n\t\t\t\t\t\t<div class=\"elementor-container elementor-column-gap-default\">\n\t\t\t\t\t<div class=\"elementor-column elementor-col-100 elementor-top-column elementor-element elementor-element-6973f44\" data-id=\"6973f44\" data-element_type=\"column\">\n\t\t\t<div class=\"elementor-widget-wrap elementor-element-populated\">\n\t\t\t\t\t\t\t\t<div class=\"elementor-element elementor-element-5d440c7 elementor-widget__width-initial elementor-widget elementor-widget-text-editor\" data-id=\"5d440c7\" data-element_type=\"widget\" data-widget_type=\"text-editor.default\">\n\t\t\t\t<div class=\"elementor-widget-container\">\n\t\t\t\t\t\t\t<ol><li>\u00a0M\u00f6glichkeiten und Grenzen einer (Selbst-)Rehabilitierung von Tatverd\u00e4chtigen in und durch (Massen-)Medien, gemeinsam mit Prof. Dr. Ludwig Gramlich,\u00a0 \u00a0<em>UFITA 2026, 75 &#8211; 103<\/em>.<\/li><\/ol><p><strong>Monografien<\/strong><\/p><p>1.\u00a0\u00a0 Die gerichtliche Kontrolle von Pr\u00fcfungsentscheidungen in der Steuerberaterpr\u00fcfung.<br \/>\u00a0\u00a0\u00a0\u00a0\u00a0 Inaugural-Dissertation zur Erlangung des akademischen Grades eines Doctor iuris (Dr. iur.) an der Fakult\u00e4t f\u00fcr Wirtschaftswissenschaften an der Technischen Universit\u00e4t <br \/>\u00a0\u00a0\u00a0\u00a0\u00a0 Chemnitz, 2012.<\/p><p>2.\u00a0\u00a0 Verlust der Mitte im Recht, in: Festschrift f\u00fcr Ludwig Gramlich zum 70. Geburtstag, 2021.<\/p><p>3.\u00a0\u00a0 Heidelberger Kommentar GeschGehG HinSchG, Spannungsverh\u00e4ltnis zwischen Schutz von Gesch\u00e4ftsgeheimnissen und Whistleblowing, <br \/>\u00a0\u00a0\u00a0\u00a0\u00a0 gemeinsam mit Prof. Dr. Ludwig Gramlich, 2024.<\/p><p>4.\u00a0\u00a0 Gesch\u00e4ftsgeheimnisse &amp; Whistleblowing, Leitfaden zum richtigen Umgang in der t\u00e4glichen Praxis, gemeinsam mit Prof. Dr. Ludwig Gramlich, 2023.<\/p><p><strong>Aufs\u00e4tze<br \/><\/strong><\/p><ol><li>\u00a0M\u00f6glichkeiten und Grenzen einer (Selbst-)Rehabilitierung von Tatverd\u00e4chtigen in und durch (Massen-)Medien, gemeinsam mit Prof. Dr. Ludwig Gramlich,\u00a0 \u00a0<em>UFITA 2026, 75 &#8211; 103<\/em>.<\/li><li>Verj\u00e4hrungsunterbrechung durch Klagen vor international unzust\u00e4ndigen Gerichten?, gemeinsam mit Prof. Dr. Ludwig Gramlich; <i>ZAP 2026, 51 &#8211; 56\u00a0<\/i>.\u00a0<\/li><li>\u00a0Arbeitsrechtliche Aspekte bei Kontrollverlust personenbezogener Daten, gemeinsam mit Prof. Dr. Ludwig Gramlich;<i> NZA 2025, 1596 &#8211; 1603<\/i>.<\/li><li>\u00a0Die arbeitsrechtlich zul\u00e4ssige K\u00fcndigung als unzul\u00e4ssige Repressalien nach dem HinSchG?, gemeinsam mit Prof. Dr. Ludwig Gramlich; <br \/><em><em><em>\u00a0NZA 2025, 599 &#8211; 606. <\/em><\/em><\/em><\/li><li>\u00a0Verschwiegenheitspflichten als vertragliche Nebenpflicht und angemessene Geheimhaltungsma\u00dfnahmen i.S.d. \u00a7 2 Nr. 1b) GeschGehG, <br \/>\u00a0gemeinsam mit Prof. Dr. Ludwig Gramlich; <em>\u00a0BB 2025, 1353 &#8211; 1358<\/em>.<\/li><li>\u00a0Unionsrechtliche Vorlagepflicht, anwaltlicher Sachvortrag und Rechtsweg &#8211; eine (neue) Haftungsfallet, \u00a0 <br \/>\u00a0gemeinsam mit Prof. Dr. Ludwig Gramlich; <em>BRAK-Mitteilungen 2025, 13 &#8211;\u00a0 16.<\/em><\/li><\/ol><p>7.\u00a0\u00a0 Hinweisgeberschutz im Vorfeld straf- und bu\u00dfgeldrelevanten Verhaltens &#8211; ein g\u00e4nzlich misslungenes Konstrukt, \u00a0 <br \/>\u00a0\u00a0\u00a0 \u00a0 gemeinsam mit Prof. Dr. Ludwig Gramlich; <em>wistra 2025, 146 &#8211; 151.<\/em><\/p><p>8. \u00a0\u00a0 Aktivlegitimation und Nachweis der Rechtekette im Urheberrechtsprozess, \u00a0<em><br \/><\/em>\u00a0\u00a0\u00a0\u00a0\u00a0\u00a0 gemeinsam mit Prof. Dr. Ludwig Gramlich;<em> ZAP 2025, 252 &#8211; 257.<br \/><\/em><\/p><p>9. \u00a0\u00a0 Rechtsschutz gegen gerichtliche und staatsanwaltschaftliche Pressemitteilungen,<br \/>\u00a0 \u00a0\u00a0\u00a0\u00a0 gemeinsam mit Prof. Dr. Ludwig Gramlich; <em>BayVBl. 2024, 833 &#8211; 843.<br \/><\/em><\/p><p>10. \u00a0\u00a0 Der neue \u00a7 273a ZPO &#8211; zu kurz gesprungen?, gemeinsam mit Prof. Dr. Ludwig Gramlich; <em>NJ 2024, 485 &#8211; 489<\/em>.<\/p><p>11.\u00a0\u00a0\u00a0 Die ausgelagerte interne Meldestelle &#8211; arbeits- und vertragsrechtliche Aspekte, <br \/>\u00a0\u00a0 \u00a0 \u00a0 gemeinsam mit Prof. Dr. Ludwig Gramlich; <em>DB 2024, 2162 &#8211; 2166.<br \/><\/em><\/p><p>12.\u00a0 \u00a0Die ausgelagerte interne Meldestelle &#8211; datenschutzrechtliche Aspekte, <br \/>\u00a0\u00a0\u00a0\u00a0 \u00a0\u00a0 gemeinsam mit Prof. Dr. Ludwig Gramlich; <em>DuD 2024, 737 &#8211; 743.<br \/><\/em><\/p><p>14.\u00a0 \u00a0Die KI-VO und Gesch\u00e4ftsgeheimnisse<em>,<br \/><\/em>\u00a0 \u00a0 \u00a0 \u00a0 gemeinsam mit Prof. Dr. Ludwig Gramlich; <em>BB 2024, 1927 &#8211; 1933.<\/em><\/p><p>15.\u00a0\u00a0 Mitbestimmung(spflicht) bei Einrichtung und Organisation interner Meldestellen nach dem HinSchG,<br \/>\u00a0 \u00a0\u00a0\u00a0\u00a0\u00a0 gemeinsam mit Prof. Dr. Ludwig Gramlich; <em>NZA 2024, 799 &#8211; 805.<\/em><\/p><p>16.\u00a0\u00a0 Die Probezeitk\u00fcndigung des Arbeitnehmers im arbeits- und sozialrechtlichen Spannungsverh\u00e4ltnis; <em>NZS 2024, 169 &#8211; 174<\/em>.<\/p><p>17. \u00a0 Durchsuchung und Beschlagnahme bei internen Meldestellen nach dem HinSchG &#8211; Handlungsoptionen f\u00fcr Unternehmen,\u00a0 <br \/>\u00a0\u00a0 \u00a0\u00a0 \u00a0 gemeinsam mit Prof. Dr. Ludwig Gramlich; <em>BB 2024, 201 &#8211; 207.<\/em><\/p><p>18.\u00a0 \u00a0Dringlichkeit(svermutung) und Selbstwiderlegung im Recht des geistigen Eigentums, gemeinsam mit Prof. Dr. Gramlich; <em>NJ 2023, 469 &#8211; 476.<\/em><\/p><p>19.\u00a0 Das Sanktionsregime des HinSchG, gemeinsam mit Prof. Dr. Ludwig Gramlich; <em>wistra 2023, 321 &#8211; 332.<br \/><\/em><\/p><p>20.\u00a0 Die Strafvorschrift des \u00a7 23 GeschGehG \u2013 kein gesetzgeberisches Meisterst\u00fcck, gemeinsam mit Prof. Dr. Ludwig Gramlich; <em>wistra 2022, 97 &#8211; 105.<\/em><\/p><p>21.\u00a0 Hinweisgeberschutz \u2013 zur Notwendigkeit von \u201egood governance\u201c und \u201ebest practices\u201c, <br \/>\u00a0\u00a0\u00a0\u00a0\u00a0 \u00a0 gemeinsam mit Prof. Dr. Ludwig Gramlich; <em>GmbHR 2021, R320 \u2013 R323.<br \/><\/em><strong><br \/><\/strong>22.\u00a0 Besserer Pers\u00f6nlichkeitsrechtsschutz bei Bildaufnahmen durch bevorstehende StGB-Novellierung?, <br \/>\u00a0\u00a0\u00a0\u00a0\u00a0\u00a0\u00a0 gemeinsam mit Prof. Dr. Ludwig Gramlich; <em>MMR 2020, 662 &#8211; 666.<\/em><\/p><p>23.\u00a0 Die neuere Rechtsprechung zu Streitwerten bei der Verletzung von Rechten nach dem UrhG; <em>GRUR-RR 2020, 337 &#8211; 345.<\/em><\/p><p>24.\u00a0 Schutz von Hinweisgebern und betroffenen Personen im GeschGehG und in der Hinweisgeber-Richtlinie &#8211; Triftige Gr\u00fcnde f\u00fcr Unterschiede zwischen <br \/>\u00a0\u00a0\u00a0 \u00a0\u00a0\u00a0 den Regelungen und deren verschiedenen Adressaten?, gemeinsam mit Prof. Dr. Ludwig Gramlich; <em>wistra 2020, 354 &#8211; 361.<\/em>\u00a0<\/p><p>25.\u00a0\u00a0 \u00a7 5 Nr. 2 GeschGehG &#8211; Ethisch motivierte Durchbrechung von Gesch\u00e4ftsgeheimnissen?, <br \/>\u00a0\u00a0\u00a0\u00a0\u00a0 \u00a0 gemeinsam mit Prof. Dr. Ludwig Gramlich; <em>wistra 2019, 480 &#8211; 485.<\/em><\/p><p>26.\u00a0\u00a0 Online-Prozessberichterstattung durch Verfahrensbeteiligte, <em>MMR 2019, 157 &#8211; 163.<\/em><\/p><p>27. \u00a0 Der Streitwert des Unterlassungsanspruches nach \u00a7 97 UrhG bei der Verletzung von Rechten an Lichtbildwerken; <em>GRUR-RR 2017, 129 &#8211; 135.<\/em><\/p><p>28.\u00a0\u00a0 Die Haftung nach dem Zweiten Gesetz zur \u00c4nderung des TMG, gemeinsam mit Prof. Dr. Ludwig Gramlich; <em>NJ 2016, 413 &#8211; 418.<\/em><\/p><p>29.\u00a0\u00a0 Schadensersatz nach Urheberrechtsgesetz und Umsatzsteuergesetz;\u00a0 <em>UR 2016, 537 &#8211; 540.<\/em><\/p><p>30.\u00a0\u00a0 Die strafrechtliche Bedeutung der Aufgabenverteilung unter GmbH Gesch\u00e4ftsf\u00fchrern am Beispiel der Insolvenzantragspflicht; <em>wistra 2008, 409 &#8211; 413.<\/em><\/p><p>31.\u00a0\u00a0 Ist die Liquidit\u00e4t 2. Grades ein geeignetes Kriterium zur Feststellung der Zahlungsunf\u00e4higkeit?; <em>wistra 2003, 52 &#8211; 55.<\/em><\/p><p>32. \u00a0 Geldw\u00e4sche bei Auslandsvortat und nachtr\u00e4gliche Gew\u00e4hrung rechtlichen Geh\u00f6rs; <em>wistra 2001, 85 &#8211; 89.<\/em><\/p><p>33.\u00a0\u00a0 Das Arbeitnehmerentsendegesetz; <em>wistra 2000, 84 &#8211; 88.<\/em><\/p><p>34. \u00a0 Verst\u00f6\u00dfe gegen \u201edas Serbien-Embargo\u201c; <em>wistra 1997, 207 &#8211; 212.<\/em><\/p><p><strong>Urteilsanmerkungen<\/strong><\/p><p>1.<strong>\u00a0<\/strong>Anmerkung zu LG Berlin II, Urt. v. 13.01.2026 &#8211; 27 O 340\/25 zum \u00e4u\u00dferungsrechtlichen &#8222;Laienprivileg&#8220;, <em>GRUR-Prax 2026, 134.<\/em><\/p><p>2.\u00a0 Anmerkung zu LG Frankfurt\/Main, Urt- v. 18.09.2025 zu Pressemitteilungen eines Strafverteidigers, <em>GRUR-Prax 2025, 736<\/em>.<\/p><p>3.\u00a0 \u00a0Anmerkung zu LG Berlin II, Urt. vom 08.07.2025 &#8211; 27 O 198\/25 &#8211; zur unzul\u00e4ssigen Berichterstattung \u00fcber Ger\u00fcchte, <em>GRUR-Prax 2025, 557. <\/em>\u00a0<\/p><p>4.\u00a0 \u00a0Anmerkung zu LG Berlin II, Beschl. v. 31.10.2024 &#8211; 27 O 293\/24eV &#8211; zum \u00e4u\u00dferungsrechtlichen Unterlassungsanspruch;\u00a0 <br \/><em>\u00a0\u00a0\u00a0\u00a0\u00a0\u00a0 GRUR-Prax<\/em> <em>2025, 250<\/em>.<\/p><p>5.\u00a0\u00a0 Anmerkung zu KG, Beschl. v. 23.10.2024 \u2013 10 W 76\/24 \u2013 zum \u00e4u\u00dferungsrechtlichen \u201cHinwirkungsanspruch\u201d; <em>GRUR-Prax<\/em> <em>2025, 151<\/em>.<\/p><p>6.\u00a0 \u00a0Anmerkung zu OLG Dresden, Beschl. v. 19.04.2022 \u2013 14 W 870\/21 \u2013 zur Streitwertfestsetzung im einstweiligen Rechtsschutz und zur (Nicht-)Abzugsf\u00e4higkeit einzelner<br \/>\u00a0\u00a0\u00a0\u00a0\u00a0 Positionen bei der Schadensberechnung eines Unternehmens;<em> GRUR-RR<\/em><em> 2022, 423.<\/em><\/p><p>7.\u00a0 \u00a0 Anmerkung zu OLG Dresden, Urteil vom 17.11.2020 \u2013 11 U 1099\/20 \u2013 zur Geltendmachung von urheberrechtlichen Anspr\u00fcchen gegen Miterben in ungeteilter <br \/>\u00a0 \u00a0 \u00a0 \u00a0Erbengemeinschaft und zum Nachweis einer ununterbrochenen Kette von Nutzungsrechts\u00fcbertragungen;<em> GRUR<\/em><em>Prax<\/em><em> 2021, 85.<\/em><\/p><p>8.\u00a0 \u00a0 Anmerkung zu LG Leipzig, Urteil vom 29.04.2020 \u2013 05 O 402\/19 \u2013 zur Geltendmachung von urheberrechtlichen Anspr\u00fcchen gegen Miterben in ungeteilter <br \/>\u00a0 \u00a0 \u00a0 \u00a0Erbengemeinschaft und zum Nachweis einer ununterbrochenen Kette von Nutzungsrechts\u00fcbertragungen<em> GRUR<\/em><em>Prax<\/em><em> 2020, 314.<\/em><\/p><p>9.\u00a0 \u00a0 Anmerkung zu BGH, Urteil vom 12.07.2006 \u2013 IV ZR 23\/05 \u2013 zur Verj\u00e4hrungsunterbrechung bei demn\u00e4chstiger Zustellung; <em>EWiR 2007, 31f.<\/em><\/p><p>10.\u00a0 \u00a0 Anmerkung zu OLG Oldenburg, Urteil vom 19.10.2004 \u2013 9 U 2659\/03 \u2013 zur sachenrechtlichen Vermutung eines m\u00fcndlich vereinbarten Eigentumsvorbehalts; <em>DAR 2005, 90f.<\/em><\/p><p>11.\u00a0\u00a0 Anmerkung zu BGH, Urteil vom 22.10.2002 \u2013 1 StR 308\/02 \u2013 zum Verwertungsverbot fr\u00fcherer Einlassungen, <em>wistra 2003, 235.<\/em><\/p><p>12.\u00a0\u00a0 Anmerkung zu OLG Dresden, Beschluss vom 29.05.2001 \u2013 12 W 713\/01 \u2013 zur au\u00dferordentlichen Beschwerde wegen greifbarer Gesetzeswidrigkeit; <em>OLG\u00a0 NL 2001, 26.<\/em><\/p><p><b>Rezensionen<\/b><\/p><div>\u00a0Ann\/Loschelder Grosch Handbuch Geheimnisschutz; <i>NZA 2025, 983<\/i>.<\/div><div>\u00a0<\/div>\t\t\t\t\t\t<\/div>\n\t\t\t\t<\/div>\n\t\t\t\t\t<\/div>\n\t\t<\/div>\n\t\t\t\t\t\t\t<\/div>\n\t\t<\/section>\n\t\t\t\t\t\t\t<\/div>\n\t\t","protected":false},"excerpt":{"rendered":"<p>\u00a0M\u00f6glichkeiten und Grenzen einer (Selbst-)Rehabilitierung von Tatverd\u00e4chtigen in und durch (Massen-)Medien, gemeinsam mit Prof. Dr. Ludwig Gramlich,\u00a0 \u00a0UFITA 2026, 75 &#8211; 103. Monografien 1.\u00a0\u00a0 Die gerichtliche Kontrolle von Pr\u00fcfungsentscheidungen in der Steuerberaterpr\u00fcfung.\u00a0\u00a0\u00a0\u00a0\u00a0 Inaugural-Dissertation zur Erlangung des akademischen Grades eines Doctor iuris (Dr. iur.) an der Fakult\u00e4t f\u00fcr Wirtschaftswissenschaften an der Technischen Universit\u00e4t \u00a0\u00a0\u00a0\u00a0\u00a0 Chemnitz, 2012. [&hellip;]<\/p>\n","protected":false},"author":1,"featured_media":0,"parent":0,"menu_order":0,"comment_status":"closed","ping_status":"closed","template":"","meta":{"footnotes":""},"_links":{"self":[{"href":"https:\/\/www.steuerberaterpruefung-anfechtung.de\/index.php?rest_route=\/wp\/v2\/pages\/68"}],"collection":[{"href":"https:\/\/www.steuerberaterpruefung-anfechtung.de\/index.php?rest_route=\/wp\/v2\/pages"}],"about":[{"href":"https:\/\/www.steuerberaterpruefung-anfechtung.de\/index.php?rest_route=\/wp\/v2\/types\/page"}],"author":[{"embeddable":true,"href":"https:\/\/www.steuerberaterpruefung-anfechtung.de\/index.php?rest_route=\/wp\/v2\/users\/1"}],"replies":[{"embeddable":true,"href":"https:\/\/www.steuerberaterpruefung-anfechtung.de\/index.php?rest_route=%2Fwp%2Fv2%2Fcomments&post=68"}],"version-history":[{"count":173,"href":"https:\/\/www.steuerberaterpruefung-anfechtung.de\/index.php?rest_route=\/wp\/v2\/pages\/68\/revisions"}],"predecessor-version":[{"id":387,"href":"https:\/\/www.steuerberaterpruefung-anfechtung.de\/index.php?rest_route=\/wp\/v2\/pages\/68\/revisions\/387"}],"wp:attachment":[{"href":"https:\/\/www.steuerberaterpruefung-anfechtung.de\/index.php?rest_route=%2Fwp%2Fv2%2Fmedia&parent=68"}],"curies":[{"name":"wp","href":"https:\/\/api.w.org\/{rel}","templated":true}]}}